{"id":499,"date":"2020-04-15T15:14:27","date_gmt":"2020-04-15T13:14:27","guid":{"rendered":"https:\/\/vundj.de\/datenschutz\/"},"modified":"2022-04-19T21:59:32","modified_gmt":"2022-04-19T19:59:32","slug":"privacy-policy","status":"publish","type":"page","link":"https:\/\/vundj.de\/en\/privacy-policy\/","title":{"rendered":"Privacy Policy"},"content":{"rendered":"<div id=\"cs-content\" class=\"cs-content\"><\/div>\n","protected":false},"excerpt":{"rendered":"<p>Privacy policy1. Name and contact details of the controller and the company data protection officer This data protection information applies to the data processing by: Vater &amp; Jungh\u00e4nel Rechtsanw\u00e4lte &amp; Notare Elisabethenstra\u00dfe 1 (House A) 65719 Hofheim Germany e-mail: anwaltskanzlei@vundj.de Phone: +49 (0)6192 \u2013 8006 Fax: +49 (0)6192 \u2013 1680 The company data protection officer of Vater &amp; Jungh\u00e4nel can &#8230; <\/p>\n<div><a href=\"https:\/\/vundj.de\/en\/privacy-policy\/\" class=\"more-link\">Read More<\/a><\/div>\n","protected":false},"author":1,"featured_media":0,"parent":0,"menu_order":0,"comment_status":"closed","ping_status":"closed","template":"template-blank-4.php","meta":{"footnotes":""},"class_list":["post-499","page","type-page","status-publish","hentry","no-post-thumbnail"],"_links":{"self":[{"href":"https:\/\/vundj.de\/en\/wp-json\/wp\/v2\/pages\/499","targetHints":{"allow":["GET"]}}],"collection":[{"href":"https:\/\/vundj.de\/en\/wp-json\/wp\/v2\/pages"}],"about":[{"href":"https:\/\/vundj.de\/en\/wp-json\/wp\/v2\/types\/page"}],"author":[{"embeddable":true,"href":"https:\/\/vundj.de\/en\/wp-json\/wp\/v2\/users\/1"}],"replies":[{"embeddable":true,"href":"https:\/\/vundj.de\/en\/wp-json\/wp\/v2\/comments?post=499"}],"version-history":[{"count":4,"href":"https:\/\/vundj.de\/en\/wp-json\/wp\/v2\/pages\/499\/revisions"}],"predecessor-version":[{"id":503,"href":"https:\/\/vundj.de\/en\/wp-json\/wp\/v2\/pages\/499\/revisions\/503"}],"wp:attachment":[{"href":"https:\/\/vundj.de\/en\/wp-json\/wp\/v2\/media?parent=499"}],"curies":[{"name":"wp","href":"https:\/\/api.w.org\/{rel}","templated":true}]}}